{"id":11,"date":"2021-05-17T16:14:27","date_gmt":"2021-05-17T14:14:27","guid":{"rendered":"http:\/\/bk-borjesson.nu.k78.itc.se\/?page_id=11"},"modified":"2021-06-01T09:15:00","modified_gmt":"2021-06-01T07:15:00","slug":"11-2","status":"publish","type":"page","link":"https:\/\/bk-borjesson.nu\/?page_id=11","title":{"rendered":"OM F\u00d6RETAGET"},"content":{"rendered":"\n\t<section class=\"section\" id=\"section_1090490835\">\n\t\t<div class=\"bg section-bg fill bg-fill  \" >\n\n\t\t\t\n\t\t\t<div class=\"section-bg-overlay absolute fill\"><\/div>\n\t\t\t\n\n\t\t<\/div>\n\n\t\t<div class=\"section-content relative\">\n\t\t\t\n\n<div class=\"row\"  id=\"row-1696378228\">\n\n\n\t<div id=\"col-584188260\" class=\"col medium-6 small-12 large-6\"  >\n\t\t<div class=\"col-inner text-center\"  >\n\t\t\t\n\t\t\t\n\n\t<div class=\"img has-hover x md-x lg-x y md-y lg-y\" id=\"image_1258582394\">\n\t\t\t\t\t\t\t\t<div class=\"img-inner dark\" >\n\t\t\t<img width=\"150\" height=\"225\" src=\"https:\/\/bk-borjesson.nu\/wp-content\/uploads\/2021\/05\/profilbild.jpg\" class=\"attachment-large size-large\" alt=\"\" loading=\"lazy\" \/>\t\t\t\t\t\t\n\t\t\t\t\t<\/div>\n\t\t\t\t\t\t\t\t\n<style>\n#image_1258582394 {\n  width: 35%;\n}\n<\/style>\n\t<\/div>\n\t\n\n\n\t\t<\/div>\n\t\t\t<\/div>\n\n\t\n\n\t<div id=\"col-1650748014\" class=\"col medium-6 small-12 large-6\"  >\n\t\t<div class=\"col-inner\"  >\n\t\t\t\n\t\t\t\n\n<h5 class=\"uppercase\">OM F\u00d6RETAGET<\/h5>\n<p>F\u00f6retaget best\u00e5r av mig Per B\u00f6rjesson och startades \u00e5r 1995. Ut\u00f6ver arbetet som byggkonsult har jag drygt 20 \u00e5rs erfarenhet fr\u00e5n entreprenadbranschen dels som platschef f\u00f6r st\u00f6rre byggen samt som byggm\u00e4stare med uthyrning av entreprenadutrustning.<\/p>\n<p>Genom min l\u00e5nga erfarenhet i branschen har jag byggt upp ett stort kontaktn\u00e4t och en gedigen kompetens inom omr\u00e5det.<\/p>\n\n\t\t<\/div>\n\t\t\t<\/div>\n\n\t\n\n<\/div>\n\n\t\t<\/div>\n\n\t\t\n<style>\n#section_1090490835 {\n  padding-top: 30px;\n  padding-bottom: 30px;\n}\n#section_1090490835 .section-bg-overlay {\n  background-color: rgba(255, 255, 255, 0.8);\n}\n#section_1090490835 .section-bg.bg-loaded {\n  background-image: url(https:\/\/bk-borjesson.nu\/wp-content\/uploads\/2021\/05\/wallp2.jpg);\n}\n<\/style>\n\t<\/section>\n\t\n\n","protected":false},"excerpt":{"rendered":"","protected":false},"author":1,"featured_media":0,"parent":0,"menu_order":0,"comment_status":"closed","ping_status":"closed","template":"page-blank.php","meta":[],"_links":{"self":[{"href":"https:\/\/bk-borjesson.nu\/index.php?rest_route=\/wp\/v2\/pages\/11"}],"collection":[{"href":"https:\/\/bk-borjesson.nu\/index.php?rest_route=\/wp\/v2\/pages"}],"about":[{"href":"https:\/\/bk-borjesson.nu\/index.php?rest_route=\/wp\/v2\/types\/page"}],"author":[{"embeddable":true,"href":"https:\/\/bk-borjesson.nu\/index.php?rest_route=\/wp\/v2\/users\/1"}],"replies":[{"embeddable":true,"href":"https:\/\/bk-borjesson.nu\/index.php?rest_route=%2Fwp%2Fv2%2Fcomments&post=11"}],"version-history":[{"count":4,"href":"https:\/\/bk-borjesson.nu\/index.php?rest_route=\/wp\/v2\/pages\/11\/revisions"}],"predecessor-version":[{"id":65,"href":"https:\/\/bk-borjesson.nu\/index.php?rest_route=\/wp\/v2\/pages\/11\/revisions\/65"}],"wp:attachment":[{"href":"https:\/\/bk-borjesson.nu\/index.php?rest_route=%2Fwp%2Fv2%2Fmedia&parent=11"}],"curies":[{"name":"wp","href":"https:\/\/api.w.org\/{rel}","templated":true}]}}