{"id":14,"date":"2021-05-17T16:15:27","date_gmt":"2021-05-17T14:15:27","guid":{"rendered":"http:\/\/bk-borjesson.nu.k78.itc.se\/?page_id=14"},"modified":"2023-03-27T21:29:15","modified_gmt":"2023-03-27T19:29:15","slug":"tjanster","status":"publish","type":"page","link":"https:\/\/bk-borjesson.nu\/?page_id=14","title":{"rendered":"TJ\u00c4NSTER"},"content":{"rendered":"\n\t<section class=\"section\" id=\"section_2048049105\">\n\t\t<div class=\"bg section-bg fill bg-fill  \" >\n\n\t\t\t\n\t\t\t<div class=\"section-bg-overlay absolute fill\"><\/div>\n\t\t\t\n\n\t\t<\/div>\n\n\t\t<div class=\"section-content relative\">\n\t\t\t\n\n<div class=\"row\"  id=\"row-751775316\">\n\n\n\t<div id=\"col-1204494151\" class=\"col medium-3 small-6 large-3\"  >\n\t\t<div class=\"col-inner\"  >\n\t\t\t\n\t\t\t\n\n\t<div class=\"box has-hover   has-hover box-overlay dark box-text-bottom\" >\n\n\t\t<div class=\"box-image\" >\n\t\t\t<a href=\"#bygg--och-projektledning\"  >\t\t\t<div class=\"image-zoom image-cover\" style=\"padding-top:100%;\">\n\t\t\t\t<img width=\"370\" height=\"290\" src=\"https:\/\/bk-borjesson.nu\/wp-content\/uploads\/2021\/05\/husgras.jpg\" class=\"attachment- size-\" alt=\"\" loading=\"lazy\" srcset=\"https:\/\/bk-borjesson.nu\/wp-content\/uploads\/2021\/05\/husgras.jpg 370w, https:\/\/bk-borjesson.nu\/wp-content\/uploads\/2021\/05\/husgras-300x235.jpg 300w\" sizes=\"(max-width: 370px) 100vw, 370px\" \/>\t\t\t\t<div class=\"overlay\" style=\"background-color:1\"><\/div>\t\t\t\t\t\t\t<\/div>\n\t\t\t<\/a>\t\t<\/div>\n\n\t\t<div class=\"box-text text-center\" >\n\t\t\t<div class=\"box-text-inner\">\n\t\t\t\t\n\n<h4>BYGG- OCH PROJEKTLEDNING<\/h4>\n\n\t\t\t<\/div>\n\t\t<\/div>\n\t<\/div>\n\t\n\n\t\t<\/div>\n\t\t\t<\/div>\n\n\t\n\n\t<div id=\"col-1071101960\" class=\"col medium-3 small-6 large-3\"  >\n\t\t<div class=\"col-inner\"  >\n\t\t\t\n\t\t\t\n\n\t<div class=\"box has-hover   has-hover box-overlay dark box-text-bottom\" >\n\n\t\t<div class=\"box-image\" >\n\t\t\t<a href=\"#cad-projektering\"  >\t\t\t<div class=\"image-zoom image-cover\" style=\"padding-top:100%;\">\n\t\t\t\t<img width=\"370\" height=\"250\" src=\"https:\/\/bk-borjesson.nu\/wp-content\/uploads\/2021\/05\/trahus.jpg\" class=\"attachment- size-\" alt=\"\" loading=\"lazy\" srcset=\"https:\/\/bk-borjesson.nu\/wp-content\/uploads\/2021\/05\/trahus.jpg 370w, https:\/\/bk-borjesson.nu\/wp-content\/uploads\/2021\/05\/trahus-300x203.jpg 300w\" sizes=\"(max-width: 370px) 100vw, 370px\" \/>\t\t\t\t<div class=\"overlay\" style=\"background-color:1\"><\/div>\t\t\t\t\t\t\t<\/div>\n\t\t\t<\/a>\t\t<\/div>\n\n\t\t<div class=\"box-text text-center\" >\n\t\t\t<div class=\"box-text-inner\">\n\t\t\t\t\n\n<h4>CAD PROJEKTERING<\/h4>\n\n\t\t\t<\/div>\n\t\t<\/div>\n\t<\/div>\n\t\n\n\t\t<\/div>\n\t\t\t<\/div>\n\n\t\n\n\t<div id=\"col-1847418932\" class=\"col medium-3 small-6 large-3\"  >\n\t\t<div class=\"col-inner\"  >\n\t\t\t\n\t\t\t\n\n\t<div class=\"box has-hover   has-hover box-overlay dark box-text-bottom\" >\n\n\t\t<div class=\"box-image\" >\n\t\t\t<a href=\"#kontrollansvarig\"  >\t\t\t<div class=\"image-zoom image-cover\" style=\"padding-top:100%;\">\n\t\t\t\t<img width=\"600\" height=\"480\" src=\"https:\/\/bk-borjesson.nu\/wp-content\/uploads\/2021\/05\/Cert_stampel-600x480-1.jpg\" class=\"attachment- size-\" alt=\"\" loading=\"lazy\" srcset=\"https:\/\/bk-borjesson.nu\/wp-content\/uploads\/2021\/05\/Cert_stampel-600x480-1.jpg 600w, https:\/\/bk-borjesson.nu\/wp-content\/uploads\/2021\/05\/Cert_stampel-600x480-1-300x240.jpg 300w\" sizes=\"(max-width: 600px) 100vw, 600px\" \/>\t\t\t\t<div class=\"overlay\" style=\"background-color:1\"><\/div>\t\t\t\t\t\t\t<\/div>\n\t\t\t<\/a>\t\t<\/div>\n\n\t\t<div class=\"box-text text-center\" >\n\t\t\t<div class=\"box-text-inner\">\n\t\t\t\t\n\n<h4>KONTROLLANSVARIG<\/h4>\n\n\t\t\t<\/div>\n\t\t<\/div>\n\t<\/div>\n\t\n\n\t\t<\/div>\n\t\t\t<\/div>\n\n\t\n\n\t<div id=\"col-1720162604\" class=\"col medium-3 small-6 large-3\"  >\n\t\t<div class=\"col-inner\"  >\n\t\t\t\n\t\t\t\n\n\t<div class=\"box has-hover   has-hover box-overlay dark box-text-bottom\" >\n\n\t\t<div class=\"box-image\" >\n\t\t\t<a href=\"#besiktningar\"  >\t\t\t<div class=\"image-zoom image-cover\" style=\"padding-top:100%;\">\n\t\t\t\t<img width=\"188\" height=\"250\" src=\"https:\/\/bk-borjesson.nu\/wp-content\/uploads\/2021\/05\/hus_horn.jpg\" class=\"attachment- size-\" alt=\"\" loading=\"lazy\" \/>\t\t\t\t<div class=\"overlay\" style=\"background-color:1\"><\/div>\t\t\t\t\t\t\t<\/div>\n\t\t\t<\/a>\t\t<\/div>\n\n\t\t<div class=\"box-text text-center\" >\n\t\t\t<div class=\"box-text-inner\">\n\t\t\t\t\n\n<h4>BESIKTNINGAR<\/h4>\n\n\t\t\t<\/div>\n\t\t<\/div>\n\t<\/div>\n\t\n\n\t\t<\/div>\n\t\t\t<\/div>\n\n\t\n\n<\/div>\n<div class=\"row\"  id=\"row-1359410273\">\n\n\n\t<div id=\"col-228716079\" class=\"col small-12 large-12\"  >\n\t\t<div class=\"col-inner\"  >\n\t\t\t\n\t\t\t\n\n<span class=\"scroll-to\" data-label=\"Scroll to: #bygg--och-projektledning\" data-bullet=\"true\" data-link=\"#bygg--och-projektledning\" data-title=\"Bygg- och projektledning\"><a name=\"bygg--och-projektledning\"><\/a><\/span>\n\n<div class=\"container section-title-container\" ><h3 class=\"section-title section-title-normal\"><b><\/b><span class=\"section-title-main\" >BYGG- OCH PROJEKTLEDNING<\/span><b><\/b><\/h3><\/div>\n\n<p>Har du funderingar som r\u00f6r nybyggnation eller f\u00f6r\u00e4ndring av en befintlig fastighet? Byggkonsult Per B\u00f6rjesson kan hj\u00e4lpa dig att f\u00e5 dina projektid\u00e9er realiserade igenom hela eller valda delar av byggprocessen helt beroende p\u00e5 dina behov och \u00f6nskem\u00e5l.<\/p>\n<p>Pappershus i gr\u00e4s<br \/>Som projektledare ansvarar jag f\u00f6r att alla bitar faller p\u00e5 plats och i r\u00e4tt ordning. Detta g\u00f6rs genom att samordna byggprojektets alla ber\u00f6rda parter, s\u00e5 som arkitekter, byggledning, konsulter, planl\u00e4ggare och myndigheter.<\/p>\n<p>I egenskap av byggledare ansvarar jag f\u00f6r administrationen av det p\u00e5g\u00e5ende byggprojektet. Detta innefattar allt ifr\u00e5n upphandling av entreprenad till att genomf\u00f6randet leder till f\u00f6rv\u00e4ntat resultat. Som byggledare fungerar jag som din f\u00f6rl\u00e4ngda arm p\u00e5 byggplatsen f\u00f6r kontroll och \u00f6vervakning av produktionen. Det som kr\u00e4vs f\u00f6r att din id\u00e9 ska realiseras fullt ut.<\/p>\n\n\t\t<\/div>\n\t\t\t<\/div>\n\n\t\n\n<\/div>\n<div class=\"row\"  id=\"row-1036914079\">\n\n\n\t<div id=\"col-532424228\" class=\"col small-12 large-12\"  >\n\t\t<div class=\"col-inner\"  >\n\t\t\t\n\t\t\t\n\n<span class=\"scroll-to\" data-label=\"Scroll to: #cad-projektering\" data-bullet=\"true\" data-link=\"#cad-projektering\" data-title=\"CAD Projektering\"><a name=\"cad-projektering\"><\/a><\/span>\n\n<div class=\"container section-title-container\" ><h3 class=\"section-title section-title-normal\"><b><\/b><span class=\"section-title-main\" >CAD Projektering<\/span><b><\/b><\/h3><\/div>\n\n<p>Byggkonsult Per B\u00f6rjesson kan \u00f6verf\u00f6ra din id\u00e9skiss till f\u00e4rdiga byggkonstruktionsritningar.<\/p>\n<p>CAD ritning<br \/>Som verktyg f\u00f6r mitt projekteringsarbete anv\u00e4nder jag alltid senaste CAD programmen AutoCAD och AutoCAD Architecture.<\/p>\n\n\t\t<\/div>\n\t\t\t<\/div>\n\n\t\n\n<\/div>\n\n\t\t<\/div>\n\n\t\t\n<style>\n#section_2048049105 {\n  padding-top: 30px;\n  padding-bottom: 30px;\n}\n#section_2048049105 .section-bg-overlay {\n  background-color: rgba(255, 255, 255, 0.8);\n}\n#section_2048049105 .section-bg.bg-loaded {\n  background-image: url(https:\/\/bk-borjesson.nu\/wp-content\/uploads\/2021\/05\/wallp2.jpg);\n}\n<\/style>\n\t<\/section>\n\t\n\t<section class=\"section\" id=\"section_1137938488\">\n\t\t<div class=\"bg section-bg fill bg-fill  \" >\n\n\t\t\t\n\t\t\t<div class=\"section-bg-overlay absolute fill\"><\/div>\n\t\t\t\n\n\t\t<\/div>\n\n\t\t<div class=\"section-content relative\">\n\t\t\t\n\n<div class=\"row\"  id=\"row-155100106\">\n\n\n\t<div id=\"col-1936512141\" class=\"col small-12 large-12\"  >\n\t\t<div class=\"col-inner\"  >\n\t\t\t\n\t\t\t\n\n<span class=\"scroll-to\" data-label=\"Scroll to: #kontrollansvarig\" data-bullet=\"true\" data-link=\"#kontrollansvarig\" data-title=\"Kontrollansvarig\"><a name=\"kontrollansvarig\"><\/a><\/span>\n\n<div class=\"container section-title-container\" ><h3 class=\"section-title section-title-normal\"><b><\/b><span class=\"section-title-main\" >Kontrollansvarig<\/span><b><\/b><\/h3><\/div>\n\n<p>F\u00f6r alla byggprojekt som kr\u00e4ver bygglov och bygganm\u00e4lan ska det enligt PBL (plan- och bygglagen) finnas en kontrollansvarig med dokumenterad riksbeh\u00f6righet. Byggkonsult Per B\u00f6rjesson \u00e4r riksbeh\u00f6rigt certifierad (SC0482-12) kontrollansvarig.<\/p>\n<h4>N\u00e4r beh\u00f6vs en kontrollansvarig<\/h4>\n<p>En kontrollansvarig ska enligt PBL utses av dig som \u00e4r byggherre (du som f\u00f6r egen r\u00e4kning eller med hj\u00e4lp av andra bygger, river eller utf\u00f6r markarbeten) som kr\u00e4ver bygg-, rivnings-, eller marklov. Den kontrollansvariges uppgift \u00e4r inte att leda arbetet i sig utan att f\u00f6r byggherrens r\u00e4kning \u00f6vervaka kontrollen av att samh\u00e4llskraven uppfylls.<\/p>\n<p>Byggkonsult Per B\u00f6rjesson har utbildningen, kunnandet och certifieringen att utf\u00f6ra tillsynen och kontrollerna gentemot myndigheterna och utg\u00f6r d\u00e4rmed en garant f\u00f6r dina krav p\u00e5 kvalitet och utf\u00f6rande.<\/p>\n<h4>Kontrollplan<\/h4>\n<p>Som kontrollansvarig f\u00f6r ditt byggprojekt kommer jag kontrollera att entrepren\u00f6rerna uppfyller myndigheternas best\u00e4mmelser vad det g\u00e4ller utf\u00f6rande och teknik. Kontrollarbetet g\u00f6rs utifr\u00e5n en objektanpassad kontrollplan innefattande:<\/p>\n<ul>\n<li>Vilka delar av byggprojektet som ska kontrolleras.<\/li>\n<li>Vem som utf\u00f6r kontrollerna.<\/li>\n<li>Vilka intyg och dokument som ska redovisas f\u00f6r byggnadsn\u00e4mnden.<\/li>\n<\/ul>\n<h4>Den kontrollansvariges arbete<\/h4>\n<p>Innan byggprojektet kan p\u00e5b\u00f6rjas ska den uppr\u00e4ttade kontrollplanen godk\u00e4nnas av byggnadsn\u00e4mnden. Mitt arbete som kontrollansvarig innefattar att se till s\u00e5 att kontrollplan och bygglov f\u00f6ljs genom:<\/p>\n<ul>\n<li>Deltagande i byggprojektets startm\u00f6te, byggsamr\u00e5d samt eventuella byggm\u00f6ten, slutsamr\u00e5d och besiktningar.<\/li>\n<li>Ansvar f\u00f6r alla handlingar som avser projektets utformning och konstruktion.<\/li>\n<li>Ansvar f\u00f6r den fortl\u00f6pande dokumentationen avseende byggprojektet s\u00e5 som besiktningsprotokoll, egenkontrollredovisning, kontrollintyg, utl\u00e5tande mm.<\/li>\n<\/ul>\n\n\t\t<\/div>\n\t\t\t<\/div>\n\n\t\n\n<\/div>\n<div class=\"row\"  id=\"row-599480568\">\n\n\n\t<div id=\"col-815885984\" class=\"col small-12 large-12\"  >\n\t\t<div class=\"col-inner\"  >\n\t\t\t\n\t\t\t\n\n<span class=\"scroll-to\" data-label=\"Scroll to: #besiktningar\" data-bullet=\"true\" data-link=\"#besiktningar\" data-title=\"Besiktningar\"><a name=\"besiktningar\"><\/a><\/span>\n\n<div class=\"container section-title-container\" ><h3 class=\"section-title section-title-normal\"><b><\/b><span class=\"section-title-main\" >Besiktningar<\/span><b><\/b><\/h3><\/div>\n\n\n\t\t<\/div>\n\t\t\t<\/div>\n\n\t\n\n<\/div>\n\n\t\t<\/div>\n\n\t\t\n<style>\n#section_1137938488 {\n  padding-top: 30px;\n  padding-bottom: 30px;\n}\n#section_1137938488 .section-bg-overlay {\n  background-color: rgba(255, 255, 255, 0.8);\n}\n#section_1137938488 .section-bg.bg-loaded {\n  background-image: url(https:\/\/bk-borjesson.nu\/wp-content\/uploads\/2021\/05\/wallp2.jpg);\n}\n<\/style>\n\t<\/section>\n\t\n\n","protected":false},"excerpt":{"rendered":"","protected":false},"author":1,"featured_media":0,"parent":0,"menu_order":0,"comment_status":"closed","ping_status":"closed","template":"page-blank.php","meta":[],"_links":{"self":[{"href":"https:\/\/bk-borjesson.nu\/index.php?rest_route=\/wp\/v2\/pages\/14"}],"collection":[{"href":"https:\/\/bk-borjesson.nu\/index.php?rest_route=\/wp\/v2\/pages"}],"about":[{"href":"https:\/\/bk-borjesson.nu\/index.php?rest_route=\/wp\/v2\/types\/page"}],"author":[{"embeddable":true,"href":"https:\/\/bk-borjesson.nu\/index.php?rest_route=\/wp\/v2\/users\/1"}],"replies":[{"embeddable":true,"href":"https:\/\/bk-borjesson.nu\/index.php?rest_route=%2Fwp%2Fv2%2Fcomments&post=14"}],"version-history":[{"count":20,"href":"https:\/\/bk-borjesson.nu\/index.php?rest_route=\/wp\/v2\/pages\/14\/revisions"}],"predecessor-version":[{"id":75,"href":"https:\/\/bk-borjesson.nu\/index.php?rest_route=\/wp\/v2\/pages\/14\/revisions\/75"}],"wp:attachment":[{"href":"https:\/\/bk-borjesson.nu\/index.php?rest_route=%2Fwp%2Fv2%2Fmedia&parent=14"}],"curies":[{"name":"wp","href":"https:\/\/api.w.org\/{rel}","templated":true}]}}